{"id":6388,"date":"2023-02-13T17:55:26","date_gmt":"2023-02-13T17:55:26","guid":{"rendered":"https:\/\/borgstenabtb.dataprotectionofficer.help\/home\/"},"modified":"2024-03-07T10:34:19","modified_gmt":"2024-03-07T10:34:19","slug":"home","status":"publish","type":"page","link":"https:\/\/borgstenabtb.dataprotectionofficer.help\/pt-br\/home\/","title":{"rendered":"Home"},"content":{"rendered":"<p>[et_pb_section fb_built=&#8221;1&#8243; admin_label=&#8221;Header&#8221; _builder_version=&#8221;4.20.0&#8243; _module_preset=&#8221;default&#8221; use_background_color_gradient=&#8221;on&#8221; background_color_gradient_direction=&#8221;90deg&#8221; background_color_gradient_stops=&#8221;#ffffff 62%|#EBF4FA 62%&#8221; background_color_gradient_start=&#8221;#ffffff&#8221; background_color_gradient_start_position=&#8221;62%&#8221; background_color_gradient_end=&#8221;#EBF4FA&#8221; background_color_gradient_end_position=&#8221;62%&#8221; custom_padding=&#8221;29px||0px||false|false&#8221; background_last_edited=&#8221;on|phone&#8221; use_background_color_gradient_tablet=&#8221;off&#8221; da_disable_devices=&#8221;off|off|off&#8221; global_colors_info=&#8221;{}&#8221; da_is_popup=&#8221;off&#8221; da_exit_intent=&#8221;off&#8221; da_has_close=&#8221;on&#8221; da_alt_close=&#8221;off&#8221; da_dark_close=&#8221;off&#8221; da_not_modal=&#8221;on&#8221; da_is_singular=&#8221;off&#8221; da_with_loader=&#8221;off&#8221; da_has_shadow=&#8221;on&#8221;][et_pb_row column_structure=&#8221;3_5,2_5&#8243; _builder_version=&#8221;4.20.0&#8243; _module_preset=&#8221;default&#8221; max_width=&#8221;1380px&#8221; custom_margin=&#8221;|auto|-5px|auto||&#8221; custom_padding=&#8221;||0px|||&#8221; global_colors_info=&#8221;{}&#8221;][et_pb_column type=&#8221;3_5&#8243; _builder_version=&#8221;4.19.4&#8243; _module_preset=&#8221;default&#8221; custom_padding=&#8221;55px||||false|false&#8221; global_colors_info=&#8221;{}&#8221;][et_pb_text _builder_version=&#8221;4.19.4&#8243; _module_preset=&#8221;17773371-64ed-4b6c-8bcc-1c3e055be524&#8243; header_4_font=&#8221;Karla|700||on|||||&#8221; header_4_text_color=&#8221;gcid-c8f4f0fb-2c87-485e-91ca-1be07316c768&#8243; header_4_font_size=&#8221;12px&#8221; header_4_letter_spacing=&#8221;1px&#8221; header_4_line_height=&#8221;1.4em&#8221; custom_margin=&#8221;||0px||false|false&#8221; global_colors_info=&#8221;{%22gcid-c8f4f0fb-2c87-485e-91ca-1be07316c768%22:%91%93}&#8221;]<\/p>\n<h4>Direct Hit<\/h4>\n<p>[\/et_pb_text][et_pb_text _builder_version=&#8221;4.20.0&#8243; _module_preset=&#8221;7c2f8fd9-1ed7-44f4-8595-942d442712de&#8221; header_font=&#8221;Poppins|600|||||||&#8221; header_text_color=&#8221;#000000&#8243; header_font_size=&#8221;72px&#8221; header_line_height=&#8221;1.1em&#8221; width=&#8221;56%&#8221; header_font_size_tablet=&#8221;40px&#8221; header_font_size_phone=&#8221;26px&#8221; header_font_size_last_edited=&#8221;on|phone&#8221; global_colors_info=&#8221;{}&#8221;]<\/p>\n<h1>Prote\u00e7\u00e3o de Dados<\/h1>\n<p>[\/et_pb_text][et_pb_text _builder_version=&#8221;4.20.0&#8243; _module_preset=&#8221;3458e58d-3815-42dc-8b97-c6970b74aacf&#8221; text_font=&#8221;Karla||||||||&#8221; text_font_size=&#8221;22px&#8221; text_line_height=&#8221;1.8em&#8221; text_font_size_tablet=&#8221;16px&#8221; text_font_size_phone=&#8221;14px&#8221; text_font_size_last_edited=&#8221;on|tablet&#8221; global_colors_info=&#8221;{}&#8221;]<\/p>\n<p><span>Informa\u00e7\u00e3o sobre Prote\u00e7\u00e3o de Dados.<\/span><\/p>\n<p>[\/et_pb_text][et_pb_button button_url=&#8221;\/contactos\/&#8221; button_text=&#8221;Contacte-nos&#8221; _builder_version=&#8221;4.20.0&#8243; _module_preset=&#8221;ee1de58d-3e5c-4fd0-b1f1-b325e8738fab&#8221; custom_button=&#8221;on&#8221; button_text_size=&#8221;12px&#8221; button_text_color=&#8221;#FFFFFF&#8221; button_bg_color=&#8221;#00a6a6&#8243; button_border_width=&#8221;2px&#8221; button_border_color=&#8221;#00a6a6&#8243; button_border_radius=&#8221;3px&#8221; button_letter_spacing=&#8221;1px&#8221; button_font=&#8221;Karla|700||on|||||&#8221; button_icon=&#8221;&#x24;||divi||400&#8243; button_on_hover=&#8221;off&#8221; custom_margin=&#8221;||||false|false&#8221; custom_margin_tablet=&#8221;60px||||false|false&#8221; custom_margin_phone=&#8221;50px||||false|false&#8221; custom_margin_last_edited=&#8221;off|tablet&#8221; custom_padding=&#8221;12px|40px|12px|25px|true|false&#8221; global_colors_info=&#8221;{}&#8221; button_bg_color__hover=&#8221;RGBA(0,0,0,0)&#8221; button_bg_color__hover_enabled=&#8221;on|hover&#8221; button_text_color__hover=&#8221;#0d1b2a&#8221; button_text_color__hover_enabled=&#8221;on|hover&#8221;][\/et_pb_button][\/et_pb_column][et_pb_column type=&#8221;2_5&#8243; _builder_version=&#8221;4.16&#8243; _module_preset=&#8221;default&#8221; custom_padding=&#8221;|||0%|false|false&#8221; global_colors_info=&#8221;{}&#8221;][et_pb_image src=&#8221;https:\/\/www.protecaodedados.com\/wp-content\/uploads\/2023\/02\/Protecao-de-dados.png&#8221; title_text=&#8221;Data Protection&#8221; _builder_version=&#8221;4.20.0&#8243; _module_preset=&#8221;default&#8221; height=&#8221;515px&#8221; border_radii=&#8221;on|8px|8px|8px|8px&#8221; global_colors_info=&#8221;{}&#8221;][\/et_pb_image][\/et_pb_column][\/et_pb_row][\/et_pb_section][et_pb_section fb_built=&#8221;1&#8243; specialty=&#8221;on&#8221; padding_top_2=&#8221;0px&#8221; padding_top_bottom_link_2=&#8221;false&#8221; padding_left_right_link_2=&#8221;false&#8221; admin_label=&#8221;Features&#8221; _builder_version=&#8221;4.20.0&#8243; _module_preset=&#8221;default&#8221; use_background_color_gradient=&#8221;on&#8221; background_color_gradient_direction=&#8221;90deg&#8221; background_color_gradient_stops=&#8221;#ffffff 62%|#EBF4FA 62%&#8221; background_color_gradient_start=&#8221;#ffffff&#8221; background_color_gradient_start_position=&#8221;62%&#8221; background_color_gradient_end=&#8221;#EBF4FA&#8221; background_color_gradient_end_position=&#8221;62%&#8221; inner_max_width=&#8221;1380px&#8221; custom_padding=&#8221;4px||16px|||&#8221; background_last_edited=&#8221;on|phone&#8221; use_background_color_gradient_tablet=&#8221;off&#8221; da_disable_devices=&#8221;off|off|off&#8221; global_colors_info=&#8221;{}&#8221; da_is_popup=&#8221;off&#8221; da_exit_intent=&#8221;off&#8221; da_has_close=&#8221;on&#8221; da_alt_close=&#8221;off&#8221; da_dark_close=&#8221;off&#8221; da_not_modal=&#8221;on&#8221; da_is_singular=&#8221;off&#8221; da_with_loader=&#8221;off&#8221; da_has_shadow=&#8221;on&#8221;][et_pb_column type=&#8221;3_4&#8243; specialty_columns=&#8221;3&#8243; _builder_version=&#8221;4.16&#8243; custom_padding=&#8221;|||&#8221; global_colors_info=&#8221;{}&#8221; custom_padding__hover=&#8221;|||&#8221;][et_pb_row_inner column_structure=&#8221;1_3,1_3,1_3&#8243; use_custom_gutter=&#8221;on&#8221; gutter_width=&#8221;2&#8243; _builder_version=&#8221;4.20.0&#8243; _module_preset=&#8221;default&#8221; background_color=&#8221;#f8f8f9&#8243; max_width=&#8221;1380px&#8221; custom_margin=&#8221;|||||false&#8221; custom_padding=&#8221;60px|30px|60px||true|false&#8221; box_shadow_style=&#8221;preset4&#8243; box_shadow_horizontal=&#8221;-30vw&#8221; box_shadow_vertical=&#8221;0px&#8221; box_shadow_color=&#8221;#f8f8f9&#8243; locked=&#8221;off&#8221; global_colors_info=&#8221;{%22gcid-980aacad-e20b-4911-b05b-917c3b3b1060%22:%91%93}&#8221;][et_pb_column_inner type=&#8221;1_3&#8243; saved_specialty_column_type=&#8221;3_4&#8243; _builder_version=&#8221;4.16&#8243; _module_preset=&#8221;default&#8221; global_colors_info=&#8221;{}&#8221;][et_pb_blurb title=&#8221;Regula\u00e7\u00e3o&#8221; use_icon=&#8221;on&#8221; font_icon=&#8221;&#xf24e;||fa||900&#8243; icon_color=&#8221;#FFFFFF&#8221; image_icon_width=&#8221;35px&#8221; icon_alignment=&#8221;left&#8221; _builder_version=&#8221;4.20.0&#8243; _module_preset=&#8221;default&#8221; background_color=&#8221;#00A6A6&#8243; custom_padding=&#8221;25px|15px|25px|15px|true|true&#8221; link_option_url=&#8221;\/regulacao\/&#8221; border_radii=&#8221;on|5px|5px|5px|5px&#8221; border_width_all=&#8221;2px&#8221; border_color_all=&#8221;#00A6A6&#8243; box_shadow_style=&#8221;preset1&#8243; box_shadow_color=&#8221;rgba(0,166,166,0.39)&#8221; global_colors_info=&#8221;{}&#8221; background__hover_enabled=&#8221;on|hover&#8221; background_color__hover=&#8221;RGBA(255,255,255,0)&#8221; background_enable_color__hover=&#8221;on&#8221; icon_color__hover_enabled=&#8221;on|hover&#8221; icon_color__hover=&#8221;#00A6A6&#8243; box_shadow_blur__hover_enabled=&#8221;on|hover&#8221; box_shadow_blur__hover=&#8221;0px&#8221; box_shadow_vertical__hover_enabled=&#8221;on|hover&#8221; box_shadow_vertical__hover=&#8221;0px&#8221;][\/et_pb_blurb][\/et_pb_column_inner][et_pb_column_inner type=&#8221;1_3&#8243; saved_specialty_column_type=&#8221;3_4&#8243; _builder_version=&#8221;4.16&#8243; _module_preset=&#8221;default&#8221; global_colors_info=&#8221;{}&#8221;][et_pb_blurb title=&#8221;Gloss\u00e1rio&#8221; use_icon=&#8221;on&#8221; font_icon=&#8221;&#xf468;||fa||900&#8243; icon_color=&#8221;#FFFFFF&#8221; image_icon_width=&#8221;35px&#8221; icon_alignment=&#8221;left&#8221; _builder_version=&#8221;4.20.0&#8243; _module_preset=&#8221;default&#8221; background_color=&#8221;#00A6A6&#8243; custom_padding=&#8221;25px|15px|25px|15px|true|true&#8221; link_option_url=&#8221;\/glossario\/&#8221; border_radii=&#8221;on|5px|5px|5px|5px&#8221; border_width_all=&#8221;2px&#8221; border_color_all=&#8221;#00A6A6&#8243; box_shadow_style=&#8221;preset1&#8243; box_shadow_color=&#8221;rgba(0,166,166,0.39)&#8221; global_colors_info=&#8221;{}&#8221; background__hover_enabled=&#8221;on|hover&#8221; background_color__hover=&#8221;RGBA(255,255,255,0)&#8221; background_enable_color__hover=&#8221;on&#8221; icon_color__hover_enabled=&#8221;on|hover&#8221; icon_color__hover=&#8221;#00A6A6&#8243; box_shadow_blur__hover_enabled=&#8221;on|hover&#8221; box_shadow_blur__hover=&#8221;0px&#8221; box_shadow_vertical__hover_enabled=&#8221;on|hover&#8221; box_shadow_vertical__hover=&#8221;0px&#8221;][\/et_pb_blurb][\/et_pb_column_inner][et_pb_column_inner type=&#8221;1_3&#8243; saved_specialty_column_type=&#8221;3_4&#8243; _builder_version=&#8221;4.16&#8243; _module_preset=&#8221;default&#8221; global_colors_info=&#8221;{}&#8221;][et_pb_blurb title=&#8221;Acr\u00f3nimos&#8221; use_icon=&#8221;on&#8221; font_icon=&#8221;&#xf086;||fa||900&#8243; icon_color=&#8221;#FFFFFF&#8221; image_icon_width=&#8221;35px&#8221; icon_alignment=&#8221;left&#8221; _builder_version=&#8221;4.20.0&#8243; _module_preset=&#8221;default&#8221; background_color=&#8221;#00A6A6&#8243; custom_padding=&#8221;25px|15px|25px|15px|true|true&#8221; link_option_url=&#8221;\/acronimos\/&#8221; border_radii=&#8221;on|5px|5px|5px|5px&#8221; border_width_all=&#8221;2px&#8221; border_color_all=&#8221;#00A6A6&#8243; box_shadow_style=&#8221;preset1&#8243; box_shadow_color=&#8221;rgba(0,166,166,0.39)&#8221; global_colors_info=&#8221;{}&#8221; background__hover_enabled=&#8221;on|hover&#8221; background_color__hover=&#8221;RGBA(255,255,255,0)&#8221; background_enable_color__hover=&#8221;on&#8221; icon_color__hover_enabled=&#8221;on|hover&#8221; icon_color__hover=&#8221;#00A6A6&#8243; box_shadow_blur__hover_enabled=&#8221;on|hover&#8221; box_shadow_blur__hover=&#8221;0px&#8221; box_shadow_vertical__hover_enabled=&#8221;on|hover&#8221; box_shadow_vertical__hover=&#8221;0px&#8221;][\/et_pb_blurb][\/et_pb_column_inner][\/et_pb_row_inner][\/et_pb_column][et_pb_column type=&#8221;1_4&#8243; _builder_version=&#8221;4.16&#8243; custom_padding=&#8221;|||&#8221; global_colors_info=&#8221;{}&#8221; custom_padding__hover=&#8221;|||&#8221;][et_pb_image src=&#8221;https:\/\/www.protecaodedados.com\/wp-content\/uploads\/2023\/02\/Encarregado-da-Protecao-de-dados-1.png&#8221; title_text=&#8221;Data Protection Officer&#8221; _builder_version=&#8221;4.19.4&#8243; _module_preset=&#8221;default&#8221; custom_margin=&#8221;-100%|-8vw|||false|false&#8221; custom_margin_tablet=&#8221;0%|0vw|||false|false&#8221; custom_margin_phone=&#8221;&#8221; custom_margin_last_edited=&#8221;on|phone&#8221; scroll_vertical_motion_enable=&#8221;on&#8221; scroll_vertical_motion=&#8221;0|50|50|100|1|0|-1&#8243; scroll_vertical_motion_tablet=&#8221;&#8221; scroll_vertical_motion_phone=&#8221;0|50|50|100|0|0|0&#8243; scroll_vertical_motion_last_edited=&#8221;on|phone&#8221; border_radii=&#8221;on|8px|8px|8px|8px&#8221; locked=&#8221;off&#8221; global_colors_info=&#8221;{}&#8221;][\/et_pb_image][\/et_pb_column][\/et_pb_section]<\/p>\n","protected":false},"excerpt":{"rendered":"<p>Direct HitProte\u00e7\u00e3o de DadosInforma\u00e7\u00e3o sobre Prote\u00e7\u00e3o de Dados.<\/p>\n","protected":false},"author":4,"featured_media":0,"parent":0,"menu_order":1,"comment_status":"closed","ping_status":"closed","template":"","meta":{"_et_pb_use_builder":"on","_et_pb_old_content":"","_et_gb_content_width":"","inline_featured_image":false,"footnotes":""},"categories":[],"tags":[],"class_list":["post-6388","page","type-page","status-publish","hentry"],"aioseo_notices":[],"_links":{"self":[{"href":"https:\/\/borgstenabtb.dataprotectionofficer.help\/pt-br\/wp-json\/wp\/v2\/pages\/6388","targetHints":{"allow":["GET"]}}],"collection":[{"href":"https:\/\/borgstenabtb.dataprotectionofficer.help\/pt-br\/wp-json\/wp\/v2\/pages"}],"about":[{"href":"https:\/\/borgstenabtb.dataprotectionofficer.help\/pt-br\/wp-json\/wp\/v2\/types\/page"}],"author":[{"embeddable":true,"href":"https:\/\/borgstenabtb.dataprotectionofficer.help\/pt-br\/wp-json\/wp\/v2\/users\/4"}],"replies":[{"embeddable":true,"href":"https:\/\/borgstenabtb.dataprotectionofficer.help\/pt-br\/wp-json\/wp\/v2\/comments?post=6388"}],"version-history":[{"count":2,"href":"https:\/\/borgstenabtb.dataprotectionofficer.help\/pt-br\/wp-json\/wp\/v2\/pages\/6388\/revisions"}],"predecessor-version":[{"id":6390,"href":"https:\/\/borgstenabtb.dataprotectionofficer.help\/pt-br\/wp-json\/wp\/v2\/pages\/6388\/revisions\/6390"}],"wp:attachment":[{"href":"https:\/\/borgstenabtb.dataprotectionofficer.help\/pt-br\/wp-json\/wp\/v2\/media?parent=6388"}],"wp:term":[{"taxonomy":"category","embeddable":true,"href":"https:\/\/borgstenabtb.dataprotectionofficer.help\/pt-br\/wp-json\/wp\/v2\/categories?post=6388"},{"taxonomy":"post_tag","embeddable":true,"href":"https:\/\/borgstenabtb.dataprotectionofficer.help\/pt-br\/wp-json\/wp\/v2\/tags?post=6388"}],"curies":[{"name":"wp","href":"https:\/\/api.w.org\/{rel}","templated":true}]}}