{"id":6398,"date":"2023-03-02T16:55:11","date_gmt":"2023-03-02T16:55:11","guid":{"rendered":"https:\/\/borgstenabtb.dataprotectionofficer.help\/borgstena\/informacao\/"},"modified":"2024-03-07T12:45:02","modified_gmt":"2024-03-07T12:45:02","slug":"informacao","status":"publish","type":"page","link":"https:\/\/borgstenabtb.dataprotectionofficer.help\/pt-br\/borgstena\/informacao\/","title":{"rendered":"Informa\u00e7\u00e3o"},"content":{"rendered":"<p>[et_pb_section fb_built=&#8221;1&#8243; _builder_version=&#8221;4.20.0&#8243; _module_preset=&#8221;default&#8221; background_color=&#8221;#ededed&#8221; min_height=&#8221;100vh&#8221; custom_padding=&#8221;195px||||false|false&#8221; da_disable_devices=&#8221;off|off|off&#8221; global_colors_info=&#8221;{}&#8221; da_is_popup=&#8221;off&#8221; da_exit_intent=&#8221;off&#8221; da_has_close=&#8221;on&#8221; da_alt_close=&#8221;off&#8221; da_dark_close=&#8221;off&#8221; da_not_modal=&#8221;on&#8221; da_is_singular=&#8221;off&#8221; da_with_loader=&#8221;off&#8221; da_has_shadow=&#8221;on&#8221;][et_pb_row _builder_version=&#8221;4.19.4&#8243; _module_preset=&#8221;default&#8221; max_width=&#8221;1380px&#8221; custom_margin=&#8221;-1px|auto||auto||&#8221; locked=&#8221;off&#8221; global_colors_info=&#8221;{}&#8221;][et_pb_column type=&#8221;4_4&#8243; _builder_version=&#8221;4.16&#8243; _module_preset=&#8221;default&#8221; global_colors_info=&#8221;{}&#8221;][et_pb_text _builder_version=&#8221;4.20.0&#8243; _module_preset=&#8221;default&#8221; text_font=&#8221;|300|||||||&#8221; text_text_color=&#8221;#FFFFFF&#8221; text_font_size=&#8221;22px&#8221; header_font=&#8221;Alata|700|||||||&#8221; header_text_color=&#8221;#7C1111&#8243; header_font_size=&#8221;62px&#8221; header_line_height=&#8221;1.5em&#8221; header_2_font=&#8221;Montserrat|700|||||||&#8221; header_2_text_color=&#8221;#3278ad&#8221; header_2_font_size=&#8221;55px&#8221; header_2_line_height=&#8221;1.5em&#8221; custom_margin=&#8221;||1px|||&#8221; header_font_tablet=&#8221;&#8221; header_font_phone=&#8221;&#8221; header_font_last_edited=&#8221;on|tablet&#8221; header_font_size_tablet=&#8221;62px&#8221; header_font_size_phone=&#8221;52px&#8221; header_font_size_last_edited=&#8221;on|phone&#8221; header_2_font_size_tablet=&#8221;45px&#8221; header_2_font_size_phone=&#8221;45px&#8221; header_2_font_size_last_edited=&#8221;on|phone&#8221; global_colors_info=&#8221;{}&#8221;]<\/p>\n<h2>Informa\u00e7\u00e3o sobre Tratamento de Dados<\/h2>\n<p>[\/et_pb_text][et_pb_text _builder_version=&#8221;4.20.0&#8243; _module_preset=&#8221;default&#8221; text_font=&#8221;|300|||||||&#8221; text_text_color=&#8221;#6d6d6d&#8221; header_font=&#8221;Alata|700|||||||&#8221; header_text_color=&#8221;#7C1111&#8243; header_font_size=&#8221;62px&#8221; header_line_height=&#8221;1.5em&#8221; header_2_font=&#8221;Montserrat|700|||||||&#8221; header_2_text_color=&#8221;#3278ad&#8221; header_2_font_size=&#8221;55px&#8221; header_2_line_height=&#8221;1.5em&#8221; custom_margin=&#8221;||1px|||&#8221; hover_enabled=&#8221;0&#8243; header_font_tablet=&#8221;&#8221; header_font_phone=&#8221;&#8221; header_font_last_edited=&#8221;on|tablet&#8221; header_font_size_tablet=&#8221;62px&#8221; header_font_size_phone=&#8221;52px&#8221; header_font_size_last_edited=&#8221;on|phone&#8221; header_2_font_size_tablet=&#8221;45px&#8221; header_2_font_size_phone=&#8221;45px&#8221; header_2_font_size_last_edited=&#8221;on|phone&#8221; locked=&#8221;off&#8221; global_colors_info=&#8221;{}&#8221; sticky_enabled=&#8221;0&#8243;]Demonstrando o compromisso da Borgstena com a informa\u00e7\u00e3o sobre o tratamento de dados pessoais, consulte aqui as principais Fichas de Informa\u00e7\u00e3o sobre Tratamento de Dados em vigor na organiza\u00e7\u00e3o \u00e0 data de hoje.[\/et_pb_text][\/et_pb_column][\/et_pb_row][et_pb_row column_structure=&#8221;1_5,1_5,1_5,1_5,1_5&#8243; use_custom_gutter=&#8221;on&#8221; gutter_width=&#8221;2&#8243; _builder_version=&#8221;4.19.4&#8243; _module_preset=&#8221;default&#8221; max_width=&#8221;1380px&#8221; custom_margin=&#8221;-1px|auto||auto||&#8221; custom_padding=&#8221;65px|||||&#8221; locked=&#8221;off&#8221; global_colors_info=&#8221;{}&#8221;][et_pb_column type=&#8221;1_5&#8243; _builder_version=&#8221;4.16&#8243; _module_preset=&#8221;default&#8221; global_colors_info=&#8221;{}&#8221;][et_pb_blurb title=&#8221;Geral&#8221; url_new_window=&#8221;on&#8221; use_icon=&#8221;on&#8221; font_icon=&#8221;&#xe060;||divi||400&#8243; icon_color=&#8221;#74a6da&#8221; image_icon_width=&#8221;38px&#8221; _builder_version=&#8221;4.20.0&#8243; _module_preset=&#8221;default&#8221; header_font=&#8221;Montserrat|600|||||||&#8221; header_text_align=&#8221;center&#8221; header_text_color=&#8221;#6d6d6d&#8221; header_font_size=&#8221;18px&#8221; body_font=&#8221;|300|||||||&#8221; body_text_align=&#8221;center&#8221; body_text_color=&#8221;#6D6D6D&#8221; link_option_url=&#8221;https:\/\/borgstenabtb.dataprotectionofficer.help\/borgstena\/information\/general\/&#8221; link_option_url_new_window=&#8221;on&#8221; global_colors_info=&#8221;{}&#8221;]<\/p>\n<p>Ficha Geral de Informa\u00e7\u00e3o sobre Tratamento de Dados \u2013 Utilizadores, Utentes e Destinat\u00e1rios dos Servi\u00e7os.<\/p>\n<p>[\/et_pb_blurb][\/et_pb_column][et_pb_column type=&#8221;1_5&#8243; _builder_version=&#8221;4.16&#8243; _module_preset=&#8221;default&#8221; global_colors_info=&#8221;{}&#8221;][et_pb_blurb title=&#8221;Candidaturas&#8221; url_new_window=&#8221;on&#8221; use_icon=&#8221;on&#8221; font_icon=&#8221;&#xe060;||divi||400&#8243; icon_color=&#8221;#74a6da&#8221; image_icon_width=&#8221;38px&#8221; _builder_version=&#8221;4.20.0&#8243; _module_preset=&#8221;default&#8221; header_font=&#8221;Montserrat|600|||||||&#8221; header_text_align=&#8221;center&#8221; header_text_color=&#8221;#6d6d6d&#8221; header_font_size=&#8221;18px&#8221; body_font=&#8221;|300|||||||&#8221; body_text_align=&#8221;center&#8221; body_text_color=&#8221;#6D6D6D&#8221; link_option_url=&#8221;https:\/\/borgstenabtb.dataprotectionofficer.help\/borgstena\/information\/applications\/&#8221; link_option_url_new_window=&#8221;on&#8221; global_colors_info=&#8221;{}&#8221;]<\/p>\n<p>Ficha Especial de Informa\u00e7\u00e3o sobre Tratamento de Dados \u2013 Candidatos.<\/p>\n<p>[\/et_pb_blurb][\/et_pb_column][et_pb_column type=&#8221;1_5&#8243; _builder_version=&#8221;4.16&#8243; _module_preset=&#8221;default&#8221; global_colors_info=&#8221;{}&#8221;][et_pb_blurb title=&#8221;Fornecedores&#8221; url_new_window=&#8221;on&#8221; use_icon=&#8221;on&#8221; font_icon=&#8221;&#xe060;||divi||400&#8243; icon_color=&#8221;#74a6da&#8221; image_icon_width=&#8221;38px&#8221; _builder_version=&#8221;4.20.0&#8243; _module_preset=&#8221;default&#8221; header_font=&#8221;Montserrat|600|||||||&#8221; header_text_align=&#8221;center&#8221; header_text_color=&#8221;#6d6d6d&#8221; header_font_size=&#8221;18px&#8221; body_font=&#8221;|300|||||||&#8221; body_text_align=&#8221;center&#8221; body_text_color=&#8221;#6D6D6D&#8221; link_option_url=&#8221;https:\/\/borgstenabtb.dataprotectionofficer.help\/borgstena\/information\/suppliers\/&#8221; link_option_url_new_window=&#8221;on&#8221; global_colors_info=&#8221;{}&#8221;]<\/p>\n<p>Ficha Especial de Informa\u00e7\u00e3o sobre Tratamento de Dados \u2013 Trabalhadores.<\/p>\n<p>[\/et_pb_blurb][\/et_pb_column][et_pb_column type=&#8221;1_5&#8243; _builder_version=&#8221;4.16&#8243; _module_preset=&#8221;default&#8221; global_colors_info=&#8221;{}&#8221;][et_pb_blurb title=&#8221;Laboral&#8221; url_new_window=&#8221;on&#8221; use_icon=&#8221;on&#8221; font_icon=&#8221;&#xe060;||divi||400&#8243; icon_color=&#8221;#74a6da&#8221; image_icon_width=&#8221;38px&#8221; _builder_version=&#8221;4.20.0&#8243; _module_preset=&#8221;default&#8221; header_font=&#8221;Montserrat|600|||||||&#8221; header_text_align=&#8221;center&#8221; header_text_color=&#8221;#6d6d6d&#8221; header_font_size=&#8221;18px&#8221; body_font=&#8221;|300|||||||&#8221; body_text_align=&#8221;center&#8221; body_text_color=&#8221;#6D6D6D&#8221; link_option_url=&#8221; \/borgstena\/information\/labour\/?lang=pt-br&#8221; link_option_url_new_window=&#8221;on&#8221; global_colors_info=&#8221;{}&#8221;]<\/p>\n<p>Ficha Especial de Informa\u00e7\u00e3o sobre Tratamento de Dados \u2013 Representantes ou Colaboradores de Fornecedores.<\/p>\n<p>[\/et_pb_blurb][\/et_pb_column][et_pb_column type=&#8221;1_5&#8243; _builder_version=&#8221;4.16&#8243; _module_preset=&#8221;default&#8221; global_colors_info=&#8221;{}&#8221;][et_pb_blurb title=&#8221;Cookies&#8221; url_new_window=&#8221;on&#8221; use_icon=&#8221;on&#8221; font_icon=&#8221;&#xe060;||divi||400&#8243; icon_color=&#8221;#74a6da&#8221; image_icon_width=&#8221;38px&#8221; _builder_version=&#8221;4.20.0&#8243; _module_preset=&#8221;default&#8221; header_font=&#8221;Montserrat|600|||||||&#8221; header_text_align=&#8221;center&#8221; header_text_color=&#8221;#6d6d6d&#8221; header_font_size=&#8221;18px&#8221; body_font=&#8221;|300|||||||&#8221; body_text_align=&#8221;center&#8221; body_text_color=&#8221;#6D6D6D&#8221; link_option_url=&#8221;https:\/\/borgstenabtb.dataprotectionofficer.help\/borgstena\/information\/cookies\/&#8221; link_option_url_new_window=&#8221;on&#8221; hover_enabled=&#8221;0&#8243; global_colors_info=&#8221;{}&#8221; sticky_enabled=&#8221;0&#8243;]<\/p>\n<p>Ficha Especial de Informa\u00e7\u00e3o sobre Tratamento de Dados \u2013 Utilizadores dos S\u00edtios Eletr\u00f3nicos.<\/p>\n<p>[\/et_pb_blurb][\/et_pb_column][\/et_pb_row][\/et_pb_section]<\/p>\n","protected":false},"excerpt":{"rendered":"<p>Informa\u00e7\u00e3o sobre Tratamento de DadosDemonstrando o compromisso da Borgstena com a informa\u00e7\u00e3o sobre o tratamento de dados pessoais, consulte aqui as principais Fichas de Informa\u00e7\u00e3o sobre Tratamento de Dados em vigor na organiza\u00e7\u00e3o \u00e0 data de hoje.Ficha Geral de Informa\u00e7\u00e3o sobre Tratamento de Dados \u2013 Utilizadores, Utentes e Destinat\u00e1rios dos Servi\u00e7os.Ficha Especial de Informa\u00e7\u00e3o sobre [&hellip;]<\/p>\n","protected":false},"author":2,"featured_media":0,"parent":6391,"menu_order":2,"comment_status":"closed","ping_status":"closed","template":"","meta":{"_et_pb_use_builder":"on","_et_pb_old_content":"","_et_gb_content_width":"","inline_featured_image":false,"footnotes":""},"categories":[171,172],"tags":[],"class_list":["post-6398","page","type-page","status-publish","hentry","category-007borgstena-pt-br","category-007borgstenaheader-design-general-pt-br"],"aioseo_notices":[],"_links":{"self":[{"href":"https:\/\/borgstenabtb.dataprotectionofficer.help\/pt-br\/wp-json\/wp\/v2\/pages\/6398","targetHints":{"allow":["GET"]}}],"collection":[{"href":"https:\/\/borgstenabtb.dataprotectionofficer.help\/pt-br\/wp-json\/wp\/v2\/pages"}],"about":[{"href":"https:\/\/borgstenabtb.dataprotectionofficer.help\/pt-br\/wp-json\/wp\/v2\/types\/page"}],"author":[{"embeddable":true,"href":"https:\/\/borgstenabtb.dataprotectionofficer.help\/pt-br\/wp-json\/wp\/v2\/users\/2"}],"replies":[{"embeddable":true,"href":"https:\/\/borgstenabtb.dataprotectionofficer.help\/pt-br\/wp-json\/wp\/v2\/comments?post=6398"}],"version-history":[{"count":5,"href":"https:\/\/borgstenabtb.dataprotectionofficer.help\/pt-br\/wp-json\/wp\/v2\/pages\/6398\/revisions"}],"predecessor-version":[{"id":6406,"href":"https:\/\/borgstenabtb.dataprotectionofficer.help\/pt-br\/wp-json\/wp\/v2\/pages\/6398\/revisions\/6406"}],"up":[{"embeddable":true,"href":"https:\/\/borgstenabtb.dataprotectionofficer.help\/pt-br\/wp-json\/wp\/v2\/pages\/6391"}],"wp:attachment":[{"href":"https:\/\/borgstenabtb.dataprotectionofficer.help\/pt-br\/wp-json\/wp\/v2\/media?parent=6398"}],"wp:term":[{"taxonomy":"category","embeddable":true,"href":"https:\/\/borgstenabtb.dataprotectionofficer.help\/pt-br\/wp-json\/wp\/v2\/categories?post=6398"},{"taxonomy":"post_tag","embeddable":true,"href":"https:\/\/borgstenabtb.dataprotectionofficer.help\/pt-br\/wp-json\/wp\/v2\/tags?post=6398"}],"curies":[{"name":"wp","href":"https:\/\/api.w.org\/{rel}","templated":true}]}}